{"id":7986,"date":"2025-11-26T21:35:39","date_gmt":"2025-11-26T20:35:39","guid":{"rendered":"https:\/\/monochromdesign.de\/?post_type=product&#038;p=7986"},"modified":"2025-11-27T13:12:05","modified_gmt":"2025-11-27T12:12:05","slug":"logo-ax","status":"publish","type":"product","link":"https:\/\/monochromdesign.de\/de\/produkt\/logo-ax\/","title":{"rendered":"LOGO AX"},"content":{"rendered":"<h2><b>1. Bestell- und Personalisierungsprozess (48h)<\/b><\/h2>\n<ul data-path-to-node=\"4\">\n<li>\n<p data-path-to-node=\"4,0,0\" class=\"translation-block\"><b>Kunden-Briefing: <\/b> Ausgef\u00fclltes Formular (Name, Farben, Branche usw.).<\/p>\n<\/li>\n<li>\n<p data-path-to-node=\"4,1,0\" class=\"translation-block\"><b>Kunden-Briefing:<\/b> Ausgef\u00fclltes Formular (Name, Farben, Branche...).<\/p>\n<\/li>\n<li>\n<p data-path-to-node=\"4,2,0\" class=\"translation-block\"><b>Validierung &amp; Zahlung:<\/b> Entwurfannahme (maximal 2 \u00c4nderungen) und Begleichung per Bank\u00fcberweisung.<\/p>\n<\/li>\n<li>\n<p data-path-to-node=\"4,3,0\" class=\"translation-block\"><b>Bestellstart:<\/b> Sofortige Bearbeitung nach Zahlungseingang.<\/p>\n<\/li>\n<\/ul>\n<h2><b>2.<b> Lizenz\u00a0und\u00a0\u00dcbertragung\u00a0der\u00a0Urheberrechte<\/b><\/b><\/h2>\n<ul data-path-to-node=\"6\">\n<li>\n<p data-path-to-node=\"6,0,0\" class=\"translation-block\"><b>Abtretung, Eigentum &amp; Exklusivit\u00e4t:<\/b> Der Kauf beinhaltet die vollst\u00e4ndige Abtretung der Urheberrechte. Das Logo wird nach Zahlungseingang zu Ihrem alleinigen Eigentum. Endg\u00fcltige Entfernung aus dem Katalog nach Abschluss der Bestellung<strong>.<\/strong><\/p>\n<\/li>\n<\/ul>\n<h2><b><b> 3. Rechnungsstellung<\/b><\/h2>\n<ul data-path-to-node=\"8\">\n<li>\n<p data-path-to-node=\"8,0,0\" class=\"translation-block\"><b>Rechnung:<\/b> Eine den Anforderungen (GoBD in Deutschland, etc.) entsprechende Rechnung wird Ihnen zur Begleichung per Bank\u00fcberweisung zugesandt.<\/p>\n<\/li>\n<li>\n<p data-path-to-node=\"8,1,0\" class=\"translation-block\"><b>Referenz-ID:<\/b> Bitte verwenden Sie unbedingt die Bestell-ID als Zahlungsreferenz.<\/p>\n<\/li>\n<\/ul>\n<h2><b>4. Endg\u00fcltige Lieferung und Dateiformat<\/b><\/h2>\n<ul data-path-to-node=\"10\">\n<li>\n<p data-path-to-node=\"10,0,0\" class=\"translation-block\"><b>Lieferzeit (max. 48h):<\/b> Lieferung der Masterdateien nach Zahlungseingang.<\/p>\n<\/li>\n<li>\n<p data-path-to-node=\"10,1,0\" class=\"translation-block\"><b>Dateien:<\/b> Vektordateien (AI, EPS) f\u00fcr den Druck und Rasterdateien (transparentes PNG, JPEG) f\u00fcr das Web.<\/p>\n<\/li>\n<\/ul>","protected":false},"excerpt":{"rendered":"<h3 data-start=\"101\" data-end=\"174\"><strong data-start=\"105\" data-end=\"174\">Einzigartiges &amp; 100% Anpassbares Logo \u2013 Endg\u00fcltige Exklusive Lizenz<\/strong><\/h3>\n<p data-start=\"176\" data-end=\"423\">Dieses Logo ist ein exklusives, anpassbares Design: Farben, Typografie, Komposition und Ausrichtung (vertikal oder horizontal). Wir passen das Konzept an Ihre Marke an, damit es perfekt zu Ihnen passt.<\/p>\n<ol data-start=\"588\" data-end=\"768\">\n<li data-start=\"588\" data-end=\"614\">W\u00e4hlen Sie Ihr Logo<\/li>\n<li data-start=\"615\" data-end=\"656\">Ihre Personalisierung definieren<\/li>\n<li data-start=\"657\" data-end=\"698\">Erhalt des ersten Entwurfs<\/li>\n<li data-start=\"699\" data-end=\"726\">Validierung und Zahlung<\/li>\n<li data-start=\"727\" data-end=\"768\">Lieferung aller Dateien<\/li>\n<\/ol>\n<p>Nach Fertigstellung wird es aus unserem Katalog entfernt und die vollst\u00e4ndigen Reproduktionsrechte werden Ihnen offiziell abgetreten.<\/p>","protected":false},"featured_media":7988,"template":"","meta":{"ocean_post_layout":"full-width","ocean_both_sidebars_style":"","ocean_both_sidebars_content_width":0,"ocean_both_sidebars_sidebars_width":0,"ocean_sidebar":"0","ocean_second_sidebar":"0","ocean_disable_margins":"enable","ocean_add_body_class":"","ocean_shortcode_before_top_bar":"","ocean_shortcode_after_top_bar":"","ocean_shortcode_before_header":"","ocean_shortcode_after_header":"","ocean_has_shortcode":"","ocean_shortcode_after_title":"","ocean_shortcode_before_footer_widgets":"","ocean_shortcode_after_footer_widgets":"","ocean_shortcode_before_footer_bottom":"","ocean_shortcode_after_footer_bottom":"","ocean_display_top_bar":"default","ocean_display_header":"default","ocean_header_style":"","ocean_center_header_left_menu":"0","ocean_custom_header_template":"0","ocean_custom_logo":0,"ocean_custom_retina_logo":0,"ocean_custom_logo_max_width":0,"ocean_custom_logo_tablet_max_width":0,"ocean_custom_logo_mobile_max_width":0,"ocean_custom_logo_max_height":0,"ocean_custom_logo_tablet_max_height":0,"ocean_custom_logo_mobile_max_height":0,"ocean_header_custom_menu":"0","ocean_menu_typo_font_family":"0","ocean_menu_typo_font_subset":"","ocean_menu_typo_font_size":0,"ocean_menu_typo_font_size_tablet":0,"ocean_menu_typo_font_size_mobile":0,"ocean_menu_typo_font_size_unit":"px","ocean_menu_typo_font_weight":"","ocean_menu_typo_font_weight_tablet":"","ocean_menu_typo_font_weight_mobile":"","ocean_menu_typo_transform":"","ocean_menu_typo_transform_tablet":"","ocean_menu_typo_transform_mobile":"","ocean_menu_typo_line_height":0,"ocean_menu_typo_line_height_tablet":0,"ocean_menu_typo_line_height_mobile":0,"ocean_menu_typo_line_height_unit":"","ocean_menu_typo_spacing":0,"ocean_menu_typo_spacing_tablet":0,"ocean_menu_typo_spacing_mobile":0,"ocean_menu_typo_spacing_unit":"","ocean_menu_link_color":"","ocean_menu_link_color_hover":"","ocean_menu_link_color_active":"","ocean_menu_link_background":"","ocean_menu_link_hover_background":"","ocean_menu_link_active_background":"","ocean_menu_social_links_bg":"","ocean_menu_social_hover_links_bg":"","ocean_menu_social_links_color":"","ocean_menu_social_hover_links_color":"","ocean_disable_title":"default","ocean_disable_heading":"default","ocean_post_title":"","ocean_post_subheading":"","ocean_post_title_style":"","ocean_post_title_background_color":"","ocean_post_title_background":0,"ocean_post_title_bg_image_position":"","ocean_post_title_bg_image_attachment":"","ocean_post_title_bg_image_repeat":"","ocean_post_title_bg_image_size":"","ocean_post_title_height":0,"ocean_post_title_bg_overlay":0.5,"ocean_post_title_bg_overlay_color":"","ocean_disable_breadcrumbs":"default","ocean_breadcrumbs_color":"","ocean_breadcrumbs_separator_color":"","ocean_breadcrumbs_links_color":"","ocean_breadcrumbs_links_hover_color":"","ocean_display_footer_widgets":"default","ocean_display_footer_bottom":"default","ocean_custom_footer_template":"0"},"product_brand":[],"product_cat":[36],"product_tag":[],"class_list":{"0":"post-7986","1":"product","2":"type-product","3":"status-publish","4":"has-post-thumbnail","6":"product_cat-logo-graphique-design","8":"entry","9":"has-media","11":"first","12":"instock","13":"shipping-taxable","14":"product-type-external","15":"has-product-nav","16":"col","17":"span_1_of_3","18":"owp-content-center","19":"owp-thumbs-layout-horizontal","20":"owp-btn-normal","21":"owp-tabs-layout-horizontal"},"yoast_head":"<!-- This site is optimized with the Yoast SEO plugin v27.3 - https:\/\/yoast.com\/product\/yoast-seo-wordpress\/ -->\n<title>LOGO AX - MONOCHROMdesign<\/title>\n<meta name=\"robots\" content=\"index, follow, max-snippet:-1, max-image-preview:large, max-video-preview:-1\" \/>\n<link rel=\"canonical\" href=\"https:\/\/monochromdesign.de\/de\/produkt\/logo-ax\/\" \/>\n<meta property=\"og:locale\" content=\"de_DE\" \/>\n<meta property=\"og:type\" content=\"article\" \/>\n<meta property=\"og:title\" content=\"LOGO AX - MONOCHROMdesign\" \/>\n<meta property=\"og:description\" content=\"Logo Unique &amp; 100% Personnalisable \u2013 Licence Exclusive D\u00e9finitive Ce logo est un design exclusif personnalisable : couleurs, typographie, composition et orientation (verticale ou horizontale). Nous adaptons le concept \u00e0 votre marque afin qu\u2019il vous corresponde parfaitement.    Choisissez votre logo  D\u00e9finissez votre personnalisation  R\u00e9ception de la premi\u00e8re proposition  Validation et paiement  Livraison de tous les fichiers  Une fois finalis\u00e9, il sera retir\u00e9 de notre catalogue et les droits de reproduction complets vous seront officiellement c\u00e9d\u00e9s.\" \/>\n<meta property=\"og:url\" content=\"https:\/\/monochromdesign.de\/de\/produkt\/logo-ax\/\" \/>\n<meta property=\"og:site_name\" content=\"MONOCHROMdesign\" \/>\n<meta property=\"article:modified_time\" content=\"2025-11-27T12:12:05+00:00\" \/>\n<meta property=\"og:image\" content=\"https:\/\/monochromdesign.de\/wp-content\/uploads\/2025\/11\/Logo-AX-Cover-copie.jpg\" \/>\n\t<meta property=\"og:image:width\" content=\"1081\" \/>\n\t<meta property=\"og:image:height\" content=\"1081\" \/>\n\t<meta property=\"og:image:type\" content=\"image\/jpeg\" \/>\n<meta name=\"twitter:card\" content=\"summary_large_image\" \/>\n<meta name=\"twitter:label1\" content=\"Gesch\u00e4tzte Lesezeit\" \/>\n\t<meta name=\"twitter:data1\" content=\"1\u00a0Minute\" \/>\n<script type=\"application\/ld+json\" class=\"yoast-schema-graph\">{\"@context\":\"https:\\\/\\\/schema.org\",\"@graph\":[{\"@type\":\"WebPage\",\"@id\":\"https:\\\/\\\/monochromdesign.de\\\/produit\\\/logo-ax\\\/\",\"url\":\"https:\\\/\\\/monochromdesign.de\\\/produit\\\/logo-ax\\\/\",\"name\":\"LOGO AX - MONOCHROMdesign\",\"isPartOf\":{\"@id\":\"https:\\\/\\\/monochromdesign.de\\\/de\\\/#website\"},\"primaryImageOfPage\":{\"@id\":\"https:\\\/\\\/monochromdesign.de\\\/produit\\\/logo-ax\\\/#primaryimage\"},\"image\":{\"@id\":\"https:\\\/\\\/monochromdesign.de\\\/produit\\\/logo-ax\\\/#primaryimage\"},\"thumbnailUrl\":\"https:\\\/\\\/monochromdesign.de\\\/wp-content\\\/uploads\\\/2025\\\/11\\\/Logo-AX-Cover-copie.jpg\",\"datePublished\":\"2025-11-26T20:35:39+00:00\",\"dateModified\":\"2025-11-27T12:12:05+00:00\",\"breadcrumb\":{\"@id\":\"https:\\\/\\\/monochromdesign.de\\\/produit\\\/logo-ax\\\/#breadcrumb\"},\"inLanguage\":\"de\",\"potentialAction\":[{\"@type\":\"ReadAction\",\"target\":[\"https:\\\/\\\/monochromdesign.de\\\/produit\\\/logo-ax\\\/\"]}]},{\"@type\":\"ImageObject\",\"inLanguage\":\"de\",\"@id\":\"https:\\\/\\\/monochromdesign.de\\\/produit\\\/logo-ax\\\/#primaryimage\",\"url\":\"https:\\\/\\\/monochromdesign.de\\\/wp-content\\\/uploads\\\/2025\\\/11\\\/Logo-AX-Cover-copie.jpg\",\"contentUrl\":\"https:\\\/\\\/monochromdesign.de\\\/wp-content\\\/uploads\\\/2025\\\/11\\\/Logo-AX-Cover-copie.jpg\",\"width\":1081,\"height\":1081},{\"@type\":\"BreadcrumbList\",\"@id\":\"https:\\\/\\\/monochromdesign.de\\\/produit\\\/logo-ax\\\/#breadcrumb\",\"itemListElement\":[{\"@type\":\"ListItem\",\"position\":1,\"name\":\"Accueil\",\"item\":\"https:\\\/\\\/monochromdesign.de\\\/\"},{\"@type\":\"ListItem\",\"position\":2,\"name\":\"Produits\",\"item\":\"https:\\\/\\\/monochromdesign.de\\\/shop\\\/\"},{\"@type\":\"ListItem\",\"position\":3,\"name\":\"LOGO AX\"}]},{\"@type\":\"WebSite\",\"@id\":\"https:\\\/\\\/monochromdesign.de\\\/de\\\/#website\",\"url\":\"https:\\\/\\\/monochromdesign.de\\\/de\\\/\",\"name\":\"MONOCHROMdesign\",\"description\":\"\",\"publisher\":{\"@id\":\"https:\\\/\\\/monochromdesign.de\\\/de\\\/#organization\"},\"potentialAction\":[{\"@type\":\"SearchAction\",\"target\":{\"@type\":\"EntryPoint\",\"urlTemplate\":\"https:\\\/\\\/monochromdesign.de\\\/de\\\/?s={search_term_string}\"},\"query-input\":{\"@type\":\"PropertyValueSpecification\",\"valueRequired\":true,\"valueName\":\"search_term_string\"}}],\"inLanguage\":\"de\"},{\"@type\":\"Organization\",\"@id\":\"https:\\\/\\\/monochromdesign.de\\\/de\\\/#organization\",\"name\":\"MONOCHROMdesign\",\"url\":\"https:\\\/\\\/monochromdesign.de\\\/de\\\/\",\"logo\":{\"@type\":\"ImageObject\",\"inLanguage\":\"de\",\"@id\":\"https:\\\/\\\/monochromdesign.de\\\/de\\\/#\\\/schema\\\/logo\\\/image\\\/\",\"url\":\"https:\\\/\\\/monochromdesign.de\\\/wp-content\\\/uploads\\\/2025\\\/07\\\/cropped-MONOCHROM.png\",\"contentUrl\":\"https:\\\/\\\/monochromdesign.de\\\/wp-content\\\/uploads\\\/2025\\\/07\\\/cropped-MONOCHROM.png\",\"width\":977,\"height\":266,\"caption\":\"MONOCHROMdesign\"},\"image\":{\"@id\":\"https:\\\/\\\/monochromdesign.de\\\/de\\\/#\\\/schema\\\/logo\\\/image\\\/\"}}]}<\/script>\n<!-- \/ Yoast SEO plugin. -->","yoast_head_json":{"title":"LOGO AX - MONOCHROMdesign","robots":{"index":"index","follow":"follow","max-snippet":"max-snippet:-1","max-image-preview":"max-image-preview:large","max-video-preview":"max-video-preview:-1"},"canonical":"https:\/\/monochromdesign.de\/de\/produkt\/logo-ax\/","og_locale":"de_DE","og_type":"article","og_title":"LOGO AX - MONOCHROMdesign","og_description":"Logo Unique &amp; 100% Personnalisable \u2013 Licence Exclusive D\u00e9finitive Ce logo est un design exclusif personnalisable : couleurs, typographie, composition et orientation (verticale ou horizontale). Nous adaptons le concept \u00e0 votre marque afin qu\u2019il vous corresponde parfaitement.    Choisissez votre logo  D\u00e9finissez votre personnalisation  R\u00e9ception de la premi\u00e8re proposition  Validation et paiement  Livraison de tous les fichiers  Une fois finalis\u00e9, il sera retir\u00e9 de notre catalogue et les droits de reproduction complets vous seront officiellement c\u00e9d\u00e9s.","og_url":"https:\/\/monochromdesign.de\/de\/produkt\/logo-ax\/","og_site_name":"MONOCHROMdesign","article_modified_time":"2025-11-27T12:12:05+00:00","og_image":[{"width":1081,"height":1081,"url":"https:\/\/monochromdesign.de\/wp-content\/uploads\/2025\/11\/Logo-AX-Cover-copie.jpg","type":"image\/jpeg"}],"twitter_card":"summary_large_image","twitter_misc":{"Gesch\u00e4tzte Lesezeit":"1\u00a0Minute"},"schema":{"@context":"https:\/\/schema.org","@graph":[{"@type":"WebPage","@id":"https:\/\/monochromdesign.de\/produit\/logo-ax\/","url":"https:\/\/monochromdesign.de\/produit\/logo-ax\/","name":"LOGO AX - MONOCHROMdesign","isPartOf":{"@id":"https:\/\/monochromdesign.de\/de\/#website"},"primaryImageOfPage":{"@id":"https:\/\/monochromdesign.de\/produit\/logo-ax\/#primaryimage"},"image":{"@id":"https:\/\/monochromdesign.de\/produit\/logo-ax\/#primaryimage"},"thumbnailUrl":"https:\/\/monochromdesign.de\/wp-content\/uploads\/2025\/11\/Logo-AX-Cover-copie.jpg","datePublished":"2025-11-26T20:35:39+00:00","dateModified":"2025-11-27T12:12:05+00:00","breadcrumb":{"@id":"https:\/\/monochromdesign.de\/produit\/logo-ax\/#breadcrumb"},"inLanguage":"de","potentialAction":[{"@type":"ReadAction","target":["https:\/\/monochromdesign.de\/produit\/logo-ax\/"]}]},{"@type":"ImageObject","inLanguage":"de","@id":"https:\/\/monochromdesign.de\/produit\/logo-ax\/#primaryimage","url":"https:\/\/monochromdesign.de\/wp-content\/uploads\/2025\/11\/Logo-AX-Cover-copie.jpg","contentUrl":"https:\/\/monochromdesign.de\/wp-content\/uploads\/2025\/11\/Logo-AX-Cover-copie.jpg","width":1081,"height":1081},{"@type":"BreadcrumbList","@id":"https:\/\/monochromdesign.de\/produit\/logo-ax\/#breadcrumb","itemListElement":[{"@type":"ListItem","position":1,"name":"Accueil","item":"https:\/\/monochromdesign.de\/"},{"@type":"ListItem","position":2,"name":"Produits","item":"https:\/\/monochromdesign.de\/shop\/"},{"@type":"ListItem","position":3,"name":"LOGO AX"}]},{"@type":"WebSite","@id":"https:\/\/monochromdesign.de\/de\/#website","url":"https:\/\/monochromdesign.de\/de\/","name":"MONOCHROMdesign","description":"","publisher":{"@id":"https:\/\/monochromdesign.de\/de\/#organization"},"potentialAction":[{"@type":"SearchAction","target":{"@type":"EntryPoint","urlTemplate":"https:\/\/monochromdesign.de\/de\/?s={search_term_string}"},"query-input":{"@type":"PropertyValueSpecification","valueRequired":true,"valueName":"search_term_string"}}],"inLanguage":"de"},{"@type":"Organization","@id":"https:\/\/monochromdesign.de\/de\/#organization","name":"MONOCHROMdesign","url":"https:\/\/monochromdesign.de\/de\/","logo":{"@type":"ImageObject","inLanguage":"de","@id":"https:\/\/monochromdesign.de\/de\/#\/schema\/logo\/image\/","url":"https:\/\/monochromdesign.de\/wp-content\/uploads\/2025\/07\/cropped-MONOCHROM.png","contentUrl":"https:\/\/monochromdesign.de\/wp-content\/uploads\/2025\/07\/cropped-MONOCHROM.png","width":977,"height":266,"caption":"MONOCHROMdesign"},"image":{"@id":"https:\/\/monochromdesign.de\/de\/#\/schema\/logo\/image\/"}}]}},"_links":{"self":[{"href":"https:\/\/monochromdesign.de\/de\/wp-json\/wp\/v2\/product\/7986","targetHints":{"allow":["GET"]}}],"collection":[{"href":"https:\/\/monochromdesign.de\/de\/wp-json\/wp\/v2\/product"}],"about":[{"href":"https:\/\/monochromdesign.de\/de\/wp-json\/wp\/v2\/types\/product"}],"version-history":[{"count":1,"href":"https:\/\/monochromdesign.de\/de\/wp-json\/wp\/v2\/product\/7986\/revisions"}],"predecessor-version":[{"id":8024,"href":"https:\/\/monochromdesign.de\/de\/wp-json\/wp\/v2\/product\/7986\/revisions\/8024"}],"wp:featuredmedia":[{"embeddable":true,"href":"https:\/\/monochromdesign.de\/de\/wp-json\/wp\/v2\/media\/7988"}],"wp:attachment":[{"href":"https:\/\/monochromdesign.de\/de\/wp-json\/wp\/v2\/media?parent=7986"}],"wp:term":[{"taxonomy":"product_brand","embeddable":true,"href":"https:\/\/monochromdesign.de\/de\/wp-json\/wp\/v2\/product_brand?post=7986"},{"taxonomy":"product_cat","embeddable":true,"href":"https:\/\/monochromdesign.de\/de\/wp-json\/wp\/v2\/product_cat?post=7986"},{"taxonomy":"product_tag","embeddable":true,"href":"https:\/\/monochromdesign.de\/de\/wp-json\/wp\/v2\/product_tag?post=7986"}],"curies":[{"name":"wp","href":"https:\/\/api.w.org\/{rel}","templated":true}]}}